{"id":1255,"date":"2025-01-23T03:53:21","date_gmt":"2025-01-23T11:53:21","guid":{"rendered":"https:\/\/smct.duquedecaxias.rj.gov.br\/noticias\/?page_id=1255"},"modified":"2025-03-25T07:08:18","modified_gmt":"2025-03-25T15:08:18","slug":"logomarcas-pnab","status":"publish","type":"page","link":"https:\/\/smct.duquedecaxias.rj.gov.br\/noticias\/logomarcas-pnab\/","title":{"rendered":"LOGOMARCAS PNAB"},"content":{"rendered":"\n<p><strong>LOGOMARCAS PARA A EXECU\u00c7\u00c3O DOS EDITAIS DA PNAB<\/strong><\/p>\n\n\n\n<figure class=\"wp-block-image size-large\"><img fetchpriority=\"high\" decoding=\"async\" width=\"1024\" height=\"105\" src=\"https:\/\/smct.duquedecaxias.rj.gov.br\/noticias\/wp-content\/uploads\/2025\/03\/Regua-Editais-PNAB-color-1-1024x105.png\" alt=\"\" class=\"wp-image-1527\" title=\"\" srcset=\"https:\/\/smct.duquedecaxias.rj.gov.br\/noticias\/wp-content\/uploads\/2025\/03\/Regua-Editais-PNAB-color-1-1024x105.png 1024w, https:\/\/smct.duquedecaxias.rj.gov.br\/noticias\/wp-content\/uploads\/2025\/03\/Regua-Editais-PNAB-color-1-300x31.png 300w, https:\/\/smct.duquedecaxias.rj.gov.br\/noticias\/wp-content\/uploads\/2025\/03\/Regua-Editais-PNAB-color-1-768x78.png 768w, https:\/\/smct.duquedecaxias.rj.gov.br\/noticias\/wp-content\/uploads\/2025\/03\/Regua-Editais-PNAB-color-1-1536x157.png 1536w, https:\/\/smct.duquedecaxias.rj.gov.br\/noticias\/wp-content\/uploads\/2025\/03\/Regua-Editais-PNAB-color-1-2048x209.png 2048w\" sizes=\"(max-width: 1024px) 100vw, 1024px\" \/><\/figure>\n\n\n\n<p><strong><a href=\"https:\/\/smct.duquedecaxias.rj.gov.br\/files\/Regua-Editais-PNAB-color.zip\">PARA BAIXAR CLIQUE AQUI<\/a><\/strong><\/p>\n\n\n\n<hr class=\"wp-block-separator has-alpha-channel-opacity\"\/>\n\n\n\n<figure class=\"wp-block-image\"><img decoding=\"async\" width=\"880\" height=\"88\" src=\"https:\/\/smct.duquedecaxias.rj.gov.br\/noticias\/wp-content\/uploads\/2025\/01\/image.jpeg\" alt=\"\" class=\"wp-image-1256\" title=\"\" srcset=\"https:\/\/smct.duquedecaxias.rj.gov.br\/noticias\/wp-content\/uploads\/2025\/01\/image.jpeg 880w, https:\/\/smct.duquedecaxias.rj.gov.br\/noticias\/wp-content\/uploads\/2025\/01\/image-300x30.jpeg 300w, https:\/\/smct.duquedecaxias.rj.gov.br\/noticias\/wp-content\/uploads\/2025\/01\/image-768x77.jpeg 768w\" sizes=\"(max-width: 880px) 100vw, 880px\" \/><\/figure>\n\n\n\n<p><strong><a href=\"https:\/\/smct.duquedecaxias.rj.gov.br\/files\/Regua-Editais-PNAB-preto.zip\">PARA BAIXAR CLIQUE AQUI<\/a><\/strong><\/p>\n\n\n\n<hr class=\"wp-block-separator has-alpha-channel-opacity\"\/>\n\n\n\n<figure class=\"wp-block-image\"><img decoding=\"async\" width=\"880\" height=\"88\" src=\"https:\/\/smct.duquedecaxias.rj.gov.br\/noticias\/wp-content\/uploads\/2025\/01\/image-3.jpeg\" alt=\"\" class=\"wp-image-1259\" title=\"\" srcset=\"https:\/\/smct.duquedecaxias.rj.gov.br\/noticias\/wp-content\/uploads\/2025\/01\/image-3.jpeg 880w, https:\/\/smct.duquedecaxias.rj.gov.br\/noticias\/wp-content\/uploads\/2025\/01\/image-3-300x30.jpeg 300w, https:\/\/smct.duquedecaxias.rj.gov.br\/noticias\/wp-content\/uploads\/2025\/01\/image-3-768x77.jpeg 768w\" sizes=\"(max-width: 880px) 100vw, 880px\" \/><\/figure>\n\n\n\n<p><strong><a href=\"https:\/\/smct.duquedecaxias.rj.gov.br\/files\/Regua-Editais-PNAB-branco.zip\">PARA BAIXAR CLIQUE AQUI<\/a><\/strong><\/p>\n\n\n\n<p><strong>LOGOMARCAS PARA A EXECU\u00c7\u00c3O DOS EDITAIS DA PNAB \/ CULTURA VIVA<\/strong><\/p>\n\n\n\n<figure class=\"wp-block-image size-large\"><img loading=\"lazy\" decoding=\"async\" width=\"1024\" height=\"93\" src=\"https:\/\/smct.duquedecaxias.rj.gov.br\/noticias\/wp-content\/uploads\/2025\/03\/Regua-editais-PNAB-Cultura-Viva-20-Anos_color-2-1024x93.png\" alt=\"\" class=\"wp-image-1528\" title=\"\" srcset=\"https:\/\/smct.duquedecaxias.rj.gov.br\/noticias\/wp-content\/uploads\/2025\/03\/Regua-editais-PNAB-Cultura-Viva-20-Anos_color-2-1024x93.png 1024w, https:\/\/smct.duquedecaxias.rj.gov.br\/noticias\/wp-content\/uploads\/2025\/03\/Regua-editais-PNAB-Cultura-Viva-20-Anos_color-2-300x27.png 300w, https:\/\/smct.duquedecaxias.rj.gov.br\/noticias\/wp-content\/uploads\/2025\/03\/Regua-editais-PNAB-Cultura-Viva-20-Anos_color-2-768x70.png 768w, https:\/\/smct.duquedecaxias.rj.gov.br\/noticias\/wp-content\/uploads\/2025\/03\/Regua-editais-PNAB-Cultura-Viva-20-Anos_color-2-1536x140.png 1536w, https:\/\/smct.duquedecaxias.rj.gov.br\/noticias\/wp-content\/uploads\/2025\/03\/Regua-editais-PNAB-Cultura-Viva-20-Anos_color-2-2048x187.png 2048w\" sizes=\"(max-width: 1024px) 100vw, 1024px\" \/><\/figure>\n\n\n\n<p><strong><a href=\"https:\/\/smct.duquedecaxias.rj.gov.br\/files\/Regua-editais-PNAB-Cultura-Viva-20-Anos_color.zip\">PARA BAIXAR CLIQUE AQUI<\/a><\/strong><\/p>\n\n\n\n<hr class=\"wp-block-separator has-alpha-channel-opacity\"\/>\n\n\n\n<figure class=\"wp-block-image\"><img loading=\"lazy\" decoding=\"async\" width=\"880\" height=\"88\" src=\"https:\/\/smct.duquedecaxias.rj.gov.br\/noticias\/wp-content\/uploads\/2025\/01\/image-4.jpeg\" alt=\"\" class=\"wp-image-1260\" title=\"\" srcset=\"https:\/\/smct.duquedecaxias.rj.gov.br\/noticias\/wp-content\/uploads\/2025\/01\/image-4.jpeg 880w, https:\/\/smct.duquedecaxias.rj.gov.br\/noticias\/wp-content\/uploads\/2025\/01\/image-4-300x30.jpeg 300w, https:\/\/smct.duquedecaxias.rj.gov.br\/noticias\/wp-content\/uploads\/2025\/01\/image-4-768x77.jpeg 768w\" sizes=\"(max-width: 880px) 100vw, 880px\" \/><\/figure>\n\n\n\n<p><strong><a href=\"https:\/\/smct.duquedecaxias.rj.gov.br\/files\/Regua-editais-PNAB-Cultura-Viva-20-Anos_preto.zip\">PARA BAIXAR CLIQUE AQUI<\/a><\/strong><\/p>\n\n\n\n<hr class=\"wp-block-separator has-alpha-channel-opacity\"\/>\n\n\n\n<figure class=\"wp-block-image\"><img loading=\"lazy\" decoding=\"async\" width=\"880\" height=\"88\" src=\"https:\/\/smct.duquedecaxias.rj.gov.br\/noticias\/wp-content\/uploads\/2025\/01\/image-5.jpeg\" alt=\"\" class=\"wp-image-1261\" title=\"\" srcset=\"https:\/\/smct.duquedecaxias.rj.gov.br\/noticias\/wp-content\/uploads\/2025\/01\/image-5.jpeg 880w, https:\/\/smct.duquedecaxias.rj.gov.br\/noticias\/wp-content\/uploads\/2025\/01\/image-5-300x30.jpeg 300w, https:\/\/smct.duquedecaxias.rj.gov.br\/noticias\/wp-content\/uploads\/2025\/01\/image-5-768x77.jpeg 768w\" sizes=\"(max-width: 880px) 100vw, 880px\" \/><\/figure>\n\n\n\n<p><strong><a href=\"https:\/\/smct.duquedecaxias.rj.gov.br\/files\/Regua-editais-PNAB-Cultura-Viva-20-Anos_branco.zip\">PARA BAIXAR CLIQUE AQUI<\/a><\/strong><\/p>\n","protected":false},"excerpt":{"rendered":"<p>LOGOMARCAS PARA A EXECU\u00c7\u00c3O DOS EDITAIS DA PNAB PARA BAIXAR CLIQUE AQUI PARA BAIXAR CLIQUE AQUI PARA BAIXAR CLIQUE AQUI LOGOMARCAS PARA A EXECU\u00c7\u00c3O DOS EDITAIS DA PNAB \/ CULTURA VIVA PARA BAIXAR CLIQUE AQUI PARA BAIXAR CLIQUE AQUI PARA BAIXAR CLIQUE AQUI<\/p>\n","protected":false},"author":8,"featured_media":0,"parent":0,"menu_order":0,"comment_status":"closed","ping_status":"closed","template":"","meta":{"footnotes":""},"class_list":["post-1255","page","type-page","status-publish","hentry"],"_links":{"self":[{"href":"https:\/\/smct.duquedecaxias.rj.gov.br\/noticias\/wp-json\/wp\/v2\/pages\/1255","targetHints":{"allow":["GET"]}}],"collection":[{"href":"https:\/\/smct.duquedecaxias.rj.gov.br\/noticias\/wp-json\/wp\/v2\/pages"}],"about":[{"href":"https:\/\/smct.duquedecaxias.rj.gov.br\/noticias\/wp-json\/wp\/v2\/types\/page"}],"author":[{"embeddable":true,"href":"https:\/\/smct.duquedecaxias.rj.gov.br\/noticias\/wp-json\/wp\/v2\/users\/8"}],"replies":[{"embeddable":true,"href":"https:\/\/smct.duquedecaxias.rj.gov.br\/noticias\/wp-json\/wp\/v2\/comments?post=1255"}],"version-history":[{"count":3,"href":"https:\/\/smct.duquedecaxias.rj.gov.br\/noticias\/wp-json\/wp\/v2\/pages\/1255\/revisions"}],"predecessor-version":[{"id":1529,"href":"https:\/\/smct.duquedecaxias.rj.gov.br\/noticias\/wp-json\/wp\/v2\/pages\/1255\/revisions\/1529"}],"wp:attachment":[{"href":"https:\/\/smct.duquedecaxias.rj.gov.br\/noticias\/wp-json\/wp\/v2\/media?parent=1255"}],"curies":[{"name":"wp","href":"https:\/\/api.w.org\/{rel}","templated":true}]}}