{"id":1622,"date":"2025-04-04T09:33:05","date_gmt":"2025-04-04T17:33:05","guid":{"rendered":"https:\/\/smct.duquedecaxias.rj.gov.br\/noticias\/?page_id=1622"},"modified":"2025-04-04T09:33:05","modified_gmt":"2025-04-04T17:33:05","slug":"bens-culturais","status":"publish","type":"page","link":"https:\/\/smct.duquedecaxias.rj.gov.br\/noticias\/bens-culturais\/","title":{"rendered":"BENS CULTURAIS"},"content":{"rendered":"\n<p class=\"has-text-align-center\">BENS CULTURAIS SOBRE PROTE\u00c7\u00c3O \u2013 MUNIC\u00cdPIO DE DUQUE DE CAXIAS \/ 2025<\/p>\n\n\n\n<figure class=\"wp-block-table\"><table class=\"has-fixed-layout\"><tbody><tr><td><strong>BEM CULTURAL<\/strong><\/td><td><strong>PROTE\u00c7\u00c3O<\/strong><strong><\/strong><\/td><td><strong>OBSERVA\u00c7\u00d5ES<\/strong><strong><\/strong><\/td><\/tr><tr><td><strong>Escola \u00c1lvaro Alberto<\/strong><\/td><td>Tombamento Municipal DEC. 6734\/16 Livro de Tombo Registro n\u00ba 001<\/td><td><strong>&nbsp;<\/strong> Tombamento Municipal<\/td><\/tr><tr><td><strong>Ile Ogun Anaeji Igebele Ni Oman<\/strong><\/td><td>Tombamento Municipal DEC. 6735\/16 Livro de Tombo Registro 002<\/td><td>Sob Revis\u00e3o (LEI FEDERAL 9784\/99 Art. 53 a 55) Tombamento Municipal<\/td><\/tr><tr><td><strong>Feira de Duque de Caxias<\/strong><\/td><td>Registro Municipal N\u00ba 01-16\/11\/2015 Livro dos Lugares<\/td><td>Registro Municipal SMCT<\/td><\/tr><tr><td><strong>Folia de Reis Flor do Oriente<\/strong><\/td><td>Registro Municipal N\u00ba 02-30\/06\/2016 Livro de Celebra\u00e7\u00f5es DEC. 6694\/16<\/td><td>Registro Municipal<\/td><\/tr><tr><td><strong>Roda Livre de Caxias<\/strong><\/td><td>Registro Municipal N\u00ba 03-16\/11\/2015 Livro de Celebra\u00e7\u00f5es<\/td><td>DEC. 6736\/16 SMCT Registro Municipal<\/td><\/tr><tr><td><strong>Caminho de Minas Trecho da Estrada da Taquara<\/strong><\/td><td>Tombamento Estadual (INEPAC) Proc. E-03\/31.486\/83<\/td><td>Entre a antiga F\u00e1brica Nova Am\u00e9rica, Caxias e Petr\u00f3polis<\/td><\/tr><tr><td><strong>Igreja Matriz de N.S. do Pilar<\/strong><\/td><td>Tombamento<\/td><td>\u00c2mbito Nacional (IPHAN,1938)<\/td><\/tr><tr><td><strong>Conjunto Rural Fazenda S\u00e3o Bento<\/strong><\/td><td><strong>&nbsp;<\/strong> Tombamento<\/td><td>\u00c2mbito Nacional (IPHAN,1957)<\/td><\/tr><tr><td><strong>Terreiro de Santo Ant\u00f4nio dos Pobres<\/strong><\/td><td>Requerido Tombamento ao IPHAN<\/td><td>Processo IPHAN\/1533 em instru\u00e7\u00e3o desde 2006 \u00c2mbito Nacional<\/td><\/tr><tr><td><strong>Serra do Mar \/ Mata Atl\u00e2ntica<\/strong><\/td><td>Tombamento Provis\u00f3rio Inepac 06\/01\/1991<\/td><td>O tombamento feito pelo INEPAC abrange 656.700 hectares em 38 munic\u00edpios \u00c2mbito Estadual<\/td><\/tr><tr><td><strong>Matrizes do Samba<\/strong><\/td><td>Registro Inepac, Formas de Express\u00e3o<\/td><td>\u00c2mbito Estadual 20\/11\/2007<\/td><\/tr><tr><td><strong>Terreiro da Gom\u00e9ia<\/strong><\/td><td>Prote\u00e7\u00e3o 2021, N\u00ba do Processo 18\/007\/760\/2019<\/td><td>Tombamento Provis\u00f3rio Estadual 03.09.2021<\/td><\/tr><\/tbody><\/table><\/figure>\n\n\n\n<figure class=\"wp-block-table\"><table class=\"has-fixed-layout\"><tbody><tr><td><strong>Romaria do Pilar<\/strong><\/td><td>Registro Municipal n\u00b0 004 08\/05\/2019<\/td><td>DEC. N\u00b0 7.284 SMCT\/DC Livro das Celebra\u00e7\u00f5es<\/td><\/tr><tr><td><strong>Capela Santa Rita da Posse<\/strong><\/td><td>Decreto n\u00b0 7711 30\/09\/2020 Livro de Tombo Registro 04<\/td><td>Registro Municipal Tombamento<\/td><\/tr><tr><td><strong>Igreja Nossa Senhora do Ros\u00e1rio<\/strong><\/td><td>Decreto n\u00b0 7710 30\/09\/2020 Livro de Tombo Registro 05<\/td><td>Registro Municipal Tombamento<\/td><\/tr><\/tbody><\/table><\/figure>\n\n\n\n<p><\/p>\n","protected":false},"excerpt":{"rendered":"<p>BENS CULTURAIS SOBRE PROTE\u00c7\u00c3O \u2013 MUNIC\u00cdPIO DE DUQUE DE CAXIAS \/ 2025 BEM CULTURAL PROTE\u00c7\u00c3O OBSERVA\u00c7\u00d5ES Escola \u00c1lvaro Alberto Tombamento Municipal DEC. 6734\/16 Livro de Tombo Registro n\u00ba 001 &nbsp; Tombamento Municipal Ile Ogun Anaeji Igebele Ni Oman Tombamento Municipal DEC. 6735\/16 Livro de Tombo Registro 002 Sob Revis\u00e3o (LEI FEDERAL 9784\/99 Art. 53 a [&hellip;]<\/p>\n","protected":false},"author":8,"featured_media":0,"parent":0,"menu_order":0,"comment_status":"closed","ping_status":"closed","template":"","meta":{"footnotes":""},"class_list":["post-1622","page","type-page","status-publish","hentry"],"_links":{"self":[{"href":"https:\/\/smct.duquedecaxias.rj.gov.br\/noticias\/wp-json\/wp\/v2\/pages\/1622","targetHints":{"allow":["GET"]}}],"collection":[{"href":"https:\/\/smct.duquedecaxias.rj.gov.br\/noticias\/wp-json\/wp\/v2\/pages"}],"about":[{"href":"https:\/\/smct.duquedecaxias.rj.gov.br\/noticias\/wp-json\/wp\/v2\/types\/page"}],"author":[{"embeddable":true,"href":"https:\/\/smct.duquedecaxias.rj.gov.br\/noticias\/wp-json\/wp\/v2\/users\/8"}],"replies":[{"embeddable":true,"href":"https:\/\/smct.duquedecaxias.rj.gov.br\/noticias\/wp-json\/wp\/v2\/comments?post=1622"}],"version-history":[{"count":1,"href":"https:\/\/smct.duquedecaxias.rj.gov.br\/noticias\/wp-json\/wp\/v2\/pages\/1622\/revisions"}],"predecessor-version":[{"id":1623,"href":"https:\/\/smct.duquedecaxias.rj.gov.br\/noticias\/wp-json\/wp\/v2\/pages\/1622\/revisions\/1623"}],"wp:attachment":[{"href":"https:\/\/smct.duquedecaxias.rj.gov.br\/noticias\/wp-json\/wp\/v2\/media?parent=1622"}],"curies":[{"name":"wp","href":"https:\/\/api.w.org\/{rel}","templated":true}]}}