{"id":1626,"date":"2025-04-04T09:52:40","date_gmt":"2025-04-04T17:52:40","guid":{"rendered":"https:\/\/smct.duquedecaxias.rj.gov.br\/noticias\/?page_id=1626"},"modified":"2026-01-16T04:25:10","modified_gmt":"2026-01-16T12:25:10","slug":"espacos","status":"publish","type":"page","link":"https:\/\/smct.duquedecaxias.rj.gov.br\/noticias\/espacos\/","title":{"rendered":"ESPA\u00c7OS"},"content":{"rendered":"\n<ul class=\"wp-block-list\">\n<li>Centro Cultural Oscar Niemayer: Pra\u00e7a do Pacificador, S\/N &#8211; Centro &#8211; Duque de Caxias &#8211; RJ&nbsp;&nbsp;<\/li>\n\n\n\n<li>Teatro Municipal Raul Cortez e Biblioteca Leonel de Moura Brizola: Pra\u00e7a do Pacificador, S\/N &#8211; Centro &#8211; Duque de Caxias &#8211; RJ &nbsp;&nbsp;&nbsp;&nbsp;&nbsp;&nbsp;&nbsp;&nbsp;&nbsp;&nbsp;&nbsp;&nbsp;&nbsp;&nbsp;&nbsp;&nbsp;&nbsp;&nbsp;&nbsp;<\/li>\n\n\n\n<li>Cine Teatro Municipal (Shopping Unigranrio)<\/li>\n\n\n\n<li>Espa\u00e7o do Artes\u00e3o (Shopping Unigranrio)<\/li>\n\n\n\n<li>Museu Vivo do S\u00e3o Bento: R. Benjamin da Rocha J\u00fanior, s\/n \u2013 S\u00e3o Bento, Duque de Caxias \u2013 RJ, 25045-010<\/li>\n\n\n\n<li>Teatro Municipal Armando Melo: Rua Frei Fid\u00e9lis, S\/N &#8211; Centro &#8211; Duque de Caxias &#8211; RJ<\/li>\n\n\n\n<li>Pra\u00e7a do Pacificador e Pra\u00e7a do Rel\u00f3gio: Av. Governador Leonel de Moura Brizola, Centro, Duque de Caxias, S\/N<\/li>\n\n\n\n<li>Pra\u00e7a Ulysses Guimar\u00e3es: R. A\u00edlton da Costa &#8211; Duque de Caxias<\/li>\n\n\n\n<li>Pra\u00e7a Roberto Silveira: Centro, Jardim Vinte e Cinco de Agosto<\/li>\n\n\n\n<li>Museu Hist\u00f3rico do Duque de Caxias e da Taquara: Avenida Autom\u00f3vel Clube, km 54. Taquara<\/li>\n\n\n\n<li>Nova Arena da Baixada: Rodovia Washington Luiz, ao lado do campus Duque de Caxias da UFRJ, na altura de Santa Cruz da Serra<\/li>\n\n\n\n<li>Biblioteca P\u00fablica de Xer\u00e9m Ferreira Gullar: Pra\u00e7a Engenheiro Le\u00e3o de Moura, S\/N &#8211; Xer\u00e9m &#8211; Duque de Caxias &#8211; RJ<\/li>\n<\/ul>\n\n\n\n<p><\/p>\n","protected":false},"excerpt":{"rendered":"","protected":false},"author":8,"featured_media":0,"parent":0,"menu_order":0,"comment_status":"closed","ping_status":"closed","template":"","meta":{"footnotes":""},"class_list":["post-1626","page","type-page","status-publish","hentry"],"_links":{"self":[{"href":"https:\/\/smct.duquedecaxias.rj.gov.br\/noticias\/wp-json\/wp\/v2\/pages\/1626","targetHints":{"allow":["GET"]}}],"collection":[{"href":"https:\/\/smct.duquedecaxias.rj.gov.br\/noticias\/wp-json\/wp\/v2\/pages"}],"about":[{"href":"https:\/\/smct.duquedecaxias.rj.gov.br\/noticias\/wp-json\/wp\/v2\/types\/page"}],"author":[{"embeddable":true,"href":"https:\/\/smct.duquedecaxias.rj.gov.br\/noticias\/wp-json\/wp\/v2\/users\/8"}],"replies":[{"embeddable":true,"href":"https:\/\/smct.duquedecaxias.rj.gov.br\/noticias\/wp-json\/wp\/v2\/comments?post=1626"}],"version-history":[{"count":3,"href":"https:\/\/smct.duquedecaxias.rj.gov.br\/noticias\/wp-json\/wp\/v2\/pages\/1626\/revisions"}],"predecessor-version":[{"id":3026,"href":"https:\/\/smct.duquedecaxias.rj.gov.br\/noticias\/wp-json\/wp\/v2\/pages\/1626\/revisions\/3026"}],"wp:attachment":[{"href":"https:\/\/smct.duquedecaxias.rj.gov.br\/noticias\/wp-json\/wp\/v2\/media?parent=1626"}],"curies":[{"name":"wp","href":"https:\/\/api.w.org\/{rel}","templated":true}]}}