{"id":1844,"date":"2025-05-28T05:15:41","date_gmt":"2025-05-28T13:15:41","guid":{"rendered":"https:\/\/smct.duquedecaxias.rj.gov.br\/noticias\/?page_id=1844"},"modified":"2025-09-09T06:50:57","modified_gmt":"2025-09-09T14:50:57","slug":"pnab-segundo-ciclo","status":"publish","type":"page","link":"https:\/\/smct.duquedecaxias.rj.gov.br\/noticias\/pnab-segundo-ciclo\/","title":{"rendered":"PNAB ( SEGUNDO CICLO)"},"content":{"rendered":"\n<p>A Secretaria Municipal de Cultura e Turismo elaborou um formul\u00e1rio para recebermos as sugest\u00f5es dos profissionais da cultura registrados no Cadastro Municipal.<\/p>\n\n\n\n<p>O question\u00e1rio possui perguntas objetivas relacionadas ao segundo ciclo da PNAB, elas ser\u00e3o combinadas com o perfil do profissional e mapear\u00e1 as sugest\u00f5es de artistas, t\u00e9cnicos, professores, gestores e produtores dos 8 segmentos culturais (artes c\u00eanicas, audiovisual, m\u00fasica, artes visuais, patrim\u00f4nio cultural, humanidades, artes integradas, museu e mem\u00f3rias).<\/p>\n\n\n\n<p>Ao responder o question\u00e1rio o profissional autoriza a Secretaria Municipal de Cultura e Turismo a utilizar os dados, em parte ou em sua totalidade, para fins institucionais, acad\u00eamicos e sem finalidade comercial. A presente autoriza\u00e7\u00e3o \u00e9 concedida a t\u00edtulo gratuito, abrangendo o uso do conte\u00fado acima mencionado em todo territ\u00f3rio nacional e no exterior, em todas as suas modalidades e, em destaque, das seguintes formas:&nbsp; S\u00edtio eletr\u00f4nico ou em toda sua rede social; Arquivo digital; Cartazes; Divulga\u00e7\u00e3o em geral. Dados Pessoais que identifiquem o profissional n\u00e3o ser\u00e3o divulgados e ser\u00e3o protegidos de acordo com a Lei Geral de Prote\u00e7\u00e3o de Dados.<\/p>\n\n\n\n<p><\/p>\n\n\n\n<p><strong>CONSULTAS E REUNI\u00d5ES<\/strong><\/p>\n\n\n\n<ul class=\"wp-block-list\">\n<li><a href=\"https:\/\/smct.duquedecaxias.rj.gov.br\/files\/par_atualizado.pdf\">PAR ATUALIZADO<\/a><\/li>\n\n\n\n<li><a href=\"https:\/\/smct.duquedecaxias.rj.gov.br\/files\/ata_ julho_2025 _CMPC_publicada12082025.pdf\">ATA DE REUN. EXTR. DO CMPC, 25 DE JULHO DE 2025<\/a><\/li>\n\n\n\n<li><a href=\"https:\/\/smct.duquedecaxias.rj.gov.br\/files\/relatorio_PAR_25_06_25.pdf\" data-type=\"link\" data-id=\"https:\/\/smct.duquedecaxias.rj.gov.br\/files\/relatorio_PAR_25_06_25.pdf\">RELAT\u00d3RIO DE PREENCHIMENTO DO PAR<\/a><\/li>\n\n\n\n<li><a href=\"https:\/\/smct.duquedecaxias.rj.gov.br\/files\/relatorio_consulta_publica_12082025.xlsx\" data-type=\"link\" data-id=\"https:\/\/smct.duquedecaxias.rj.gov.br\/files\/relatorio_consulta_publica_12082025.xlsx\">RELAT\u00d3RIO DA CONSULTA P\u00daBLICA<\/a><\/li>\n\n\n\n<li><a href=\"https:\/\/smct.duquedecaxias.rj.gov.br\/gestao\" data-type=\"link\" data-id=\"https:\/\/smct.duquedecaxias.rj.gov.br\/gestao\">CONSULTA P\u00daBLICA 01\/2025<\/a><\/li>\n<\/ul>\n\n\n\n<p><\/p>\n\n\n\n<p><strong>ARQUIVOS DE APOIO<\/strong><\/p>\n\n\n\n<ul class=\"wp-block-list\">\n<li><a href=\"https:\/\/smct.duquedecaxias.rj.gov.br\/noticias\/logomarcas-pnab\/\">LOGOMARCAS PARA A EXECU\u00c7\u00c3O DOS EDITAIS DA PNAB<\/a><\/li>\n<\/ul>\n\n\n\n<p><\/p>\n\n\n\n<p><strong>LEGISLA\u00c7\u00c3O FEDERAL<\/strong><\/p>\n\n\n\n<ul class=\"wp-block-list\">\n<li><a href=\"https:\/\/smct.duquedecaxias.rj.gov.br\/files\/L14399-22-Aldir-Blanc.pdf\">LEI FEDERAL N\u00ba 14.399 DE 8 DE JULHO DE 2022<\/a><\/li>\n\n\n\n<li><a href=\"https:\/\/smct.duquedecaxias.rj.gov.br\/files\/D11453.pdf\">DECRETO N\u00ba 11.453 DE 23 DE MAR\u00c7O DE 2023<\/a><\/li>\n\n\n\n<li><a href=\"https:\/\/smct.duquedecaxias.rj.gov.br\/files\/decreto-D11740.pdf\">DECRETO N\u00ba 11.740 DE 18 DE OUTUBRO DE 2023<\/a><\/li>\n\n\n\n<li><a href=\"https:\/\/smct.duquedecaxias.rj.gov.br\/files\/PORTARIA-MINC-N--80,-DE-27-DE-OUTUBRO-DE-2023---PORTARIA-MINC-N--80,-DE-27-DE-OUTUBRO-DE-2023---DOU---Imprensa-Nacional.pdf\">PORTARIA MINC N\u00ba 80 DE 27 DE OUTUBRO DE 2023<\/a><\/li>\n\n\n\n<li><a href=\"https:\/\/smct.duquedecaxias.rj.gov.br\/files\/PORTARIA-MINC-N--80,-DE-27-DE-OUTUBRO-DE-2023---PORTARIA-MINC-N--80,-DE-27-DE-OUTUBRO-DE-2023---DOU---Imprensa-Nacional.pdf\">PORTARIA MINC N\u00ba 105 DE 28 DE DEZEMBRO DE 2023<\/a><\/li>\n\n\n\n<li><a href=\"https:\/\/www.planalto.gov.br\/ccivil_03\/_ato2023-2026\/2024\/lei\/L14903.htm#:~:text=LEI%20N%C2%BA%2014.903%2C%20DE%2027,Distrito%20Federal%20e%20dos%20Munic%C3%ADpios.\">LEI FEDERAL N\u00ba 14.903 DE 27 DE JUNHO DE 2024<\/a><\/li>\n<\/ul>\n\n\n\n<p><\/p>\n\n\n\n<p><strong>D\u00daVIDAS FREQUENTES:<\/strong><\/p>\n\n\n\n<p>O QUE \u00c9 O PNAB?<\/p>\n\n\n\n<p>A PNAB representa uma oportunidade hist\u00f3rica para estruturar o sistema federativo de financiamento \u00e0 cultura por meio dos repasses da Uni\u00e3o para Estados, Distrito Federal e Munic\u00edpios de maneira cont\u00ednua. Esta pol\u00edtica permitir\u00e1 o investimento regular em projetos e programas, n\u00e3o apenas em situa\u00e7\u00f5es emergenciais, como ocorreu com a Lei Aldir Blanc 1 e a Lei Paulo Gustavo.<\/p>\n\n\n\n<p>O programa abrange uma variedade de iniciativas, incluindo chamadas p\u00fablicas, premia\u00e7\u00f5es, programas de capacita\u00e7\u00e3o, oficinas, apresenta\u00e7\u00f5es art\u00edsticas, produ\u00e7\u00f5es audiovisuais, atividades relacionadas \u00e0 economia criativa e solid\u00e1ria, al\u00e9m da aquisi\u00e7\u00e3o de bens e servi\u00e7os.<\/p>\n\n\n\n<p>PARA QUEM \u00c9 O PNAB?<\/p>\n\n\n\n<p>A PNAB destina-se a trabalhadores(as) da cultura, entidades, pessoas f\u00edsicas e jur\u00eddicas que atuem na produ\u00e7\u00e3o, na difus\u00e3o, na promo\u00e7\u00e3o, na preserva\u00e7\u00e3o e na aquisi\u00e7\u00e3o de bens, produtos ou servi\u00e7os art\u00edsticos e culturais, incluindo o patrim\u00f4nio cultural material e imaterial. Estes podem inscrever projetos em editais publicados pelos entes federativos e receber recursos da Pol\u00edtica Nacional Aldir Blanc de Fomento \u00e0 Cultura.<\/p>\n\n\n\n<p>VALE LEMBRAR:&nbsp;A execu\u00e7\u00e3o de editais para distribui\u00e7\u00e3o da verba \u00e9 responsabilidade de estados, munic\u00edpios e do Distrito Federal.<\/p>\n\n\n\n<p>COMO FUNCIONA O PNAB<\/p>\n\n\n\n<p>A PNAB ser\u00e1 executado em parceria com estados, munic\u00edpios e Distrito Federal, por meio da transfer\u00eancia de recursos do Minist\u00e9rio da Cultura (MinC) aos entes federativos. Est\u00e1 previsto um montante anual de R$ 3 bilh\u00f5es de reais para os anos entre 2023 e 2027.<\/p>\n\n\n\n<p>IMPORTANTE:&nbsp;Os trabalhadores e trabalhadoras da cultura ter\u00e3o acesso aos recursos por interm\u00e9dio dos estados, munic\u00edpios e Distrito Federal, e n\u00e3o diretamente pelo Minist\u00e9rio da Cultura (MinC).<\/p>\n\n\n\n<p>COMO OS RECURSOS DA PNAB PODEM SER UTILIZADOS<\/p>\n\n\n\n<p>Os recursos da PNAB podem ser aplicados em uma variedade de a\u00e7\u00f5es e atividades, tais como:<\/p>\n\n\n\n<ul class=\"wp-block-list\">\n<li>Fomento, produ\u00e7\u00e3o e difus\u00e3o de obras culturais<\/li>\n\n\n\n<li>Realiza\u00e7\u00e3o de projetos culturais<\/li>\n\n\n\n<li>Concess\u00e3o de pr\u00eamios para iniciativas culturais<\/li>\n\n\n\n<li>Instala\u00e7\u00e3o e manuten\u00e7\u00e3o de cursos e capacita\u00e7\u00f5es na \u00e1rea cultural<\/li>\n\n\n\n<li>Realiza\u00e7\u00e3o de levantamentos, estudos e pesquisas relacionados \u00e0 cultura<\/li>\n\n\n\n<li>Realiza\u00e7\u00e3o de invent\u00e1rios do patrim\u00f4nio cultural<\/li>\n\n\n\n<li>Concess\u00e3o de bolsas para artistas e profissionais da cultura<\/li>\n\n\n\n<li>Aquisi\u00e7\u00e3o de bens culturais, como obras de arte e equipamentos<\/li>\n\n\n\n<li>Preserva\u00e7\u00e3o do patrim\u00f4nio cultural material e imaterial<\/li>\n\n\n\n<li>Constru\u00e7\u00e3o e manuten\u00e7\u00e3o de espa\u00e7os culturais, como teatros e museus<\/li>\n\n\n\n<li>Elabora\u00e7\u00e3o de planos anuais e plurianuais de desenvolvimento cultural<\/li>\n\n\n\n<li>Aquisi\u00e7\u00e3o de im\u00f3veis tombados ou de interesse cultural<\/li>\n\n\n\n<li>Manuten\u00e7\u00e3o de grupos art\u00edsticos e culturais<\/li>\n\n\n\n<li>Prote\u00e7\u00e3o do patrim\u00f4nio cultural imaterial, como tradi\u00e7\u00f5es e manifesta\u00e7\u00f5es culturais<\/li>\n\n\n\n<li>Implementa\u00e7\u00e3o de a\u00e7\u00f5es, projetos, pol\u00edticas e programas p\u00fablicos de cultura<\/li>\n\n\n\n<li>Apoio financeiro a projetos culturais diversos.<\/li>\n<\/ul>\n\n\n\n<p>OBJETIVOS DA PNAB<\/p>\n\n\n\n<ul class=\"wp-block-list\">\n<li>Estimular o fomento \u00e0 cultura por parte da Uni\u00e3o, dos Estados, do Distrito Federal e dos Munic\u00edpios;<\/li>\n\n\n\n<li>Garantir o financiamento e a manuten\u00e7\u00e3o de agentes, espa\u00e7os e a\u00e7\u00f5es art\u00edstico-culturais;<\/li>\n\n\n\n<li>Democratizar o acesso e a produ\u00e7\u00e3o art\u00edstica nos Estados, no Distrito Federal e nos Munic\u00edpios, inclusive em suas \u00e1reas perif\u00e9ricas, urbanas e rurais.<\/li>\n<\/ul>\n\n\n\n<p><\/p>\n","protected":false},"excerpt":{"rendered":"<p>A Secretaria Municipal de Cultura e Turismo elaborou um formul\u00e1rio para recebermos as sugest\u00f5es dos profissionais da cultura registrados no Cadastro Municipal. O question\u00e1rio possui perguntas objetivas relacionadas ao segundo ciclo da PNAB, elas ser\u00e3o combinadas com o perfil do profissional e mapear\u00e1 as sugest\u00f5es de artistas, t\u00e9cnicos, professores, gestores e produtores dos 8 segmentos [&hellip;]<\/p>\n","protected":false},"author":8,"featured_media":0,"parent":0,"menu_order":0,"comment_status":"closed","ping_status":"closed","template":"","meta":{"footnotes":""},"class_list":["post-1844","page","type-page","status-publish","hentry"],"_links":{"self":[{"href":"https:\/\/smct.duquedecaxias.rj.gov.br\/noticias\/wp-json\/wp\/v2\/pages\/1844","targetHints":{"allow":["GET"]}}],"collection":[{"href":"https:\/\/smct.duquedecaxias.rj.gov.br\/noticias\/wp-json\/wp\/v2\/pages"}],"about":[{"href":"https:\/\/smct.duquedecaxias.rj.gov.br\/noticias\/wp-json\/wp\/v2\/types\/page"}],"author":[{"embeddable":true,"href":"https:\/\/smct.duquedecaxias.rj.gov.br\/noticias\/wp-json\/wp\/v2\/users\/8"}],"replies":[{"embeddable":true,"href":"https:\/\/smct.duquedecaxias.rj.gov.br\/noticias\/wp-json\/wp\/v2\/comments?post=1844"}],"version-history":[{"count":10,"href":"https:\/\/smct.duquedecaxias.rj.gov.br\/noticias\/wp-json\/wp\/v2\/pages\/1844\/revisions"}],"predecessor-version":[{"id":2438,"href":"https:\/\/smct.duquedecaxias.rj.gov.br\/noticias\/wp-json\/wp\/v2\/pages\/1844\/revisions\/2438"}],"wp:attachment":[{"href":"https:\/\/smct.duquedecaxias.rj.gov.br\/noticias\/wp-json\/wp\/v2\/media?parent=1844"}],"curies":[{"name":"wp","href":"https:\/\/api.w.org\/{rel}","templated":true}]}}