{"id":1973,"date":"2025-06-23T10:58:59","date_gmt":"2025-06-23T18:58:59","guid":{"rendered":"https:\/\/smct.duquedecaxias.rj.gov.br\/noticias\/?page_id=1973"},"modified":"2025-11-05T10:55:40","modified_gmt":"2025-11-05T18:55:40","slug":"editaledieliomendonca","status":"publish","type":"page","link":"https:\/\/smct.duquedecaxias.rj.gov.br\/noticias\/editaledieliomendonca\/","title":{"rendered":"EDITAL DE FOMENTO \u00c0 CULTURA EDI\u00c9LIO MENDON\u00c7A"},"content":{"rendered":"\n<p>A Secretaria Municipal de Cultura e Turismo de Duque de Caxias (SMCT\/DC) apresenta o Edital de Fomento \u00e0 Cultura Edi\u00e9lio Mendon\u00e7a. Ser\u00e3o investidos cerca de R$470 mil, valor oriundo do Fundo Municipal de Cultura, em projetos culturais a serem realizados nos espa\u00e7os e em equipamentos p\u00fablicos do munic\u00edpio.<\/p>\n\n\n\n<p>Amante da literatura, do cinema e do teatro, Edi\u00e9lio Mendon\u00e7a, figura que d\u00e1 nome ao Edital, ajudou a formar centenas de novos atores no munic\u00edpio e no ano de 1978 conquistou, juntamente, com o grupo TAL, o pr\u00eamio Moli\u00e8re, concedido pela Air France.<\/p>\n\n\n\n<p><strong>As inscri\u00e7\u00f5es come\u00e7am no dia 25 de junho de 2025 e terminam \u00e0s 17h do dia 7 de julho de 2025<\/strong>, por meio da Plataforma da SMCT\/DC, dispon\u00edvel no endere\u00e7o: <a href=\"http:\/\/sistemaculturaduquedecaxias.com\/gestao\">http:\/\/sistemaculturaduquedecaxias.com\/gestao<\/a><\/p>\n\n\n\n<p>Este \u00e9 mais um passo nas a\u00e7\u00f5es realizadas pela Secretaria Municipal de Cultura e Turismo, com o objetivo de democratizar o acesso aos recursos e estimular a \u00e1rea cultural do munic\u00edpio.<\/p>\n\n\n\n<p>Para quem n\u00e3o possui acesso \u00e0 internet e \/ ou computadores, os equipamentos da SMCT\/DC estar\u00e3o dispon\u00edveis para a realiza\u00e7\u00e3o das inscri\u00e7\u00f5es, com funcionamento de segunda a sexta, das 9h \u00e0s 16h, sendo que n\u00e3o haver\u00e1 funcionamento no \u00faltimo dia de inscri\u00e7\u00e3o. Os polos s\u00e3o:<\/p>\n\n\n\n<p>&#8211; Biblioteca Municipal Governador Leonel de Moura Brizola, localizada na Av. Governador Leonel de Moura Brizola, S\/N\u00b0, na Pra\u00e7a do Pacificador, Centro, Duque de Caxias \u2013 RJ;<\/p>\n\n\n\n<p>&#8211; Biblioteca P\u00fablica de Xer\u00e9m Ferreira Gullar, localizada na Pra\u00e7a Engenheiro Le\u00e3o de Moura, s\/n\u00b0, Xer\u00e9m, Duque de Caxias \u2013 RJ;<\/p>\n\n\n\n<p>&#8211; Sede da Secretaria Municipal de Cultura e Turismo de Duque de Caxias, localizada na Rua Major Fraz\u00e3o, n\u00b052, 6\u00ba andar, Jardim Vinte e Cinco de Agosto, Duque de Caxias &#8211; RJ.<\/p>\n\n\n\n<p>Demais esclarecimentos, podem ser podem ser obtidos por meio do e-mail editais@smct.duquedecaxias.rj.gov.br e pelo <strong>WhatsApp (21) 99359-9377<\/strong>.<\/p>\n\n\n\n<p><strong>INSCRI\u00c7\u00d5ES ENCERRADAS<\/strong><\/p>\n\n\n\n<p><a href=\"https:\/\/smct.duquedecaxias.rj.gov.br\/files\/https:\/\/smct.duquedecaxias.rj.gov.br\/files\/TERCEIRA_CHAMADA_DE_SUPLENTE_EDIELIO_04112025.pdf\">LISTA FINAL DE HABILITA\u00c7\u00c3O DA TERCEIRA LISTA DE CHAMADA DE SUPL\u00caNCIA<\/a><\/p>\n\n\n\n<p><a href=\"https:\/\/smct.duquedecaxias.rj.gov.br\/files\/PRELIMINAR_HAB_TERCEIRA_EDI\u00c9LIO.pdf\">LISTA PRELIMINAR DE HABILITA\u00c7\u00c3O DA TERCEIRA LISTA DE CHAMADA DE SUPL\u00caNCIA<\/a><\/p>\n\n\n\n<p><a href=\"https:\/\/smct.duquedecaxias.rj.gov.br\/files\/TERCEIRA_CHAMADA_DE_SUPLENTE_EDIELIO_04112025.pdf\">TERCEIRA LISTA DE CHAMADA DE SUPL\u00caNCIA<\/a><a href=\"https:\/\/smct.duquedecaxias.rj.gov.br\/files\/finalssegundoremanejamento20251027.pdf\" data-type=\"link\" data-id=\"http:\/\/sistemaculturaduquedecaxias.com\/anexosdosite\/edieliolistapreliminarsegundachamada20102025.pdf\"><\/a><\/p>\n\n\n\n<p><a href=\"https:\/\/smct.duquedecaxias.rj.gov.br\/files\/finalssegundoremanejamento20251027.pdf\" data-type=\"link\" data-id=\"http:\/\/sistemaculturaduquedecaxias.com\/anexosdosite\/edieliolistapreliminarsegundachamada20102025.pdf\">LISTA FINAL DE HABILITA\u00c7\u00c3O DA SEGUNDA LISTA DE CHAMADA DE SUPL\u00caNCIA<\/a><\/p>\n\n\n\n<p><a href=\"https:\/\/smct.duquedecaxias.rj.gov.br\/files\/edieliolistapreliminarsegundachamada20102025.pdf\" data-type=\"link\" data-id=\"http:\/\/sistemaculturaduquedecaxias.com\/anexosdosite\/edieliolistapreliminarsegundachamada20102025.pdf\">LISTA PRELIMINAR DE HABILITA\u00c7\u00c3O DA SEGUNDA LISTA DE CHAMADA DE SUPL\u00caNCIA<\/a><\/p>\n\n\n\n<p><a href=\"https:\/\/smct.duquedecaxias.rj.gov.br\/files\/seguandachamadaedielio06102025.pdf\">SEGUNDA LISTA DE CHAMADA DE SUPL\u00caNCIA<\/a><\/p>\n\n\n\n<p><a href=\"https:\/\/smct.duquedecaxias.rj.gov.br\/files\/cronogramasegundachamada06102025.pdf\">CRONOGRAMA 2\u00aa CHAMADA<\/a><\/p>\n\n\n\n<p><a href=\"https:\/\/smct.duquedecaxias.rj.gov.br\/files\/regua_edielio_color.png\" data-type=\"link\" data-id=\"https:\/\/smct.duquedecaxias.rj.gov.br\/files\/regua_edielio_color.png\">LOGOMARCA PARA A EXECU\u00c7\u00c3O DO EDITAL<\/a><\/p>\n\n\n\n<p><a href=\"https:\/\/smct.duquedecaxias.rj.gov.br\/files\/primeirachamadaedieliofinal22082025.pdf\" data-type=\"link\" data-id=\"https:\/\/smct.duquedecaxias.rj.gov.br\/files\/primeirachamadaedieliofinal22082025.pdf\">LISTA FINAL DE HABILITA\u00c7\u00c3O DA PRIMEIRA DE CHAMADA DE<br>SUPLENTES<\/a><\/p>\n\n\n\n<p><a href=\"https:\/\/smct.duquedecaxias.rj.gov.br\/files\/preliminarhabilitacaoprimeirachamadaedielio22092025.pdf\" data-type=\"link\" data-id=\"https:\/\/smct.duquedecaxias.rj.gov.br\/files\/PREIMEIRA_CHAMADA_EDIELIO12092025.pdf\">LISTA PRELIMINAR DE HABILITA\u00c7\u00c3O DA PRIMEIRA CHAMADA DE<br>SUPLENTES<\/a><\/p>\n\n\n\n<p><a href=\"https:\/\/smct.duquedecaxias.rj.gov.br\/files\/PREIMEIRA_CHAMADA_EDIELIO12092025.pdf\">PRIMEIRA CHAMADA DE SUPLENTES<\/a><\/p>\n\n\n\n<p><a href=\"https:\/\/smct.duquedecaxias.rj.gov.br\/files\/LISTA_FINAL_DE_HABILITACAO_EDIELIO12092025.pdf\">LISTA FINAL DE HABILITA\u00c7\u00c3O<\/a><\/p>\n\n\n\n<p><a href=\"https:\/\/smct.duquedecaxias.rj.gov.br\/files\/lista_preliminar_habilita\u00e7\u00e3o_edielio05092025 assinado.pdf\" data-type=\"link\" data-id=\"https:\/\/smct.duquedecaxias.rj.gov.br\/files\/\">LISTA PRELIMINAR DA HABILITA\u00c7\u00c3O<\/a><\/p>\n\n\n\n<p><a href=\"https:\/\/smct.duquedecaxias.rj.gov.br\/files\/listafinal21082025.pdf\" data-type=\"link\" data-id=\"https:\/\/smct.duquedecaxias.rj.gov.br\/files\/listafinal21082025.pdf\">RESULTADO FINAL DA SELE\u00c7\u00c3O<\/a><\/p>\n\n\n\n<p><a href=\"https:\/\/smct.duquedecaxias.rj.gov.br\/files\/recursos21082025.pdf\" data-type=\"link\" data-id=\"https:\/\/smct.duquedecaxias.rj.gov.br\/files\/recursos21082025.pdf\">RESULTADO DA AVALIA\u00c7\u00c3O DOS RECURSOS DA SELE\u00c7\u00c3O<\/a><\/p>\n\n\n\n<p><a href=\"https:\/\/smct.duquedecaxias.rj.gov.br\/files\/listapreliminarv204082025.pdf\" data-type=\"link\" data-id=\"https:\/\/smct.duquedecaxias.rj.gov.br\/files\/listapreliminar04082025.pdf\">LISTA PRELIMINAR DA SELE\u00c7\u00c3O<\/a> (ENVIO DO RECURSO DISPON\u00cdVEL NO SISTEMA DE <strong>07\/08\/2025<\/strong> \u00e0<br><strong>12\/08\/2025<\/strong>)<\/p>\n\n\n\n<p><a href=\"https:\/\/smct.duquedecaxias.rj.gov.br\/files\/bo10072025.pdf\" data-type=\"link\" data-id=\"https:\/\/smct.duquedecaxias.rj.gov.br\/files\/bo10072025.pdf\">LISTA GERAL DE PROJETOS RECEBIDOS<\/a><\/p>\n\n\n\n<p><a href=\"https:\/\/smct.duquedecaxias.rj.gov.br\/files\/errata210072025.pdf\" data-type=\"link\" data-id=\"https:\/\/smct.duquedecaxias.rj.gov.br\/files\/errata210072025.pdf\">ERRATA II<\/a><\/p>\n\n\n\n<p><a href=\"https:\/\/smct.duquedecaxias.rj.gov.br\/files\/errata02072025.pdf\" data-type=\"link\" data-id=\"https:\/\/smct.duquedecaxias.rj.gov.br\/files\/errata02072025.pdf\">ERRATA I<\/a><\/p>\n\n\n\n<p><a href=\"https:\/\/smct.duquedecaxias.rj.gov.br\/files\/edital022025.pdf\" data-type=\"link\" data-id=\"https:\/\/smct.duquedecaxias.rj.gov.br\/files\/edital022025.pdf\">EDITAL COMPLETO<\/a><\/p>\n\n\n\n<p><a href=\"https:\/\/smct.duquedecaxias.rj.gov.br\/files\/anexo1edital022025.pdf\" data-type=\"link\" data-id=\"https:\/\/smct.duquedecaxias.rj.gov.br\/files\/anexo1edital022025.pdf\">ANEXO I \u2013 CATEGORIA DAS \u00c1REAS CULTURAIS<\/a><\/p>\n\n\n\n<p><a href=\"https:\/\/smct.duquedecaxias.rj.gov.br\/files\/anexo2edital022025.pdf\" data-type=\"link\" data-id=\"https:\/\/smct.duquedecaxias.rj.gov.br\/files\/anexo2edital022025.pdf\">ANEXO II- FORMUL\u00c1RIO DE INSCRI\u00c7\u00c3O<\/a><\/p>\n\n\n\n<p><a href=\"https:\/\/smct.duquedecaxias.rj.gov.br\/files\/anexo3edital022025.pdf\" data-type=\"link\" data-id=\"https:\/\/smct.duquedecaxias.rj.gov.br\/files\/anexo3edital022025.pdf\">ANEXO III \u2013 CRIT\u00c9RIOS DE SELE\u00c7\u00c3O<\/a><\/p>\n\n\n\n<p><a href=\"https:\/\/smct.duquedecaxias.rj.gov.br\/files\/anexo4edital022025.pdf\" data-type=\"link\" data-id=\"https:\/\/smct.duquedecaxias.rj.gov.br\/files\/anexo4edital022025.pdf\">ANEXO IV \u2013 RELAT\u00d3RIO DE EXECU\u00c7\u00c3O DO OBJETO<\/a><\/p>\n\n\n\n<p><\/p>\n\n\n\n<p><a href=\"https:\/\/smct.duquedecaxias.rj.gov.br\/files\/anexov_cronograma_05092025.pdf\" data-type=\"link\" data-id=\"https:\/\/smct.duquedecaxias.rj.gov.br\/files\/anexov_cronograma_05092025.pdf\">ANEXO V \u2013 CRONOGRAMA<\/a> ( ATUALIZADO EM 05\/09\/2025 )<\/p>\n\n\n\n<p><a href=\"https:\/\/smct.duquedecaxias.rj.gov.br\/files\/cronograma25072025.pdf\" data-type=\"link\" data-id=\"https:\/\/smct.duquedecaxias.rj.gov.br\/files\/cronograma25072025.pdf\"><s>ANEXO V \u2013 CRONOGRAMA<\/s><\/a> ( ATUALIZADO EM 25\/07\/2025 )<\/p>\n\n\n\n<p><a href=\"https:\/\/smct.duquedecaxias.rj.gov.br\/files\/anexo5edital022025.pdf\" data-type=\"link\" data-id=\"https:\/\/smct.duquedecaxias.rj.gov.br\/files\/anexo5edital022025.pdf\"><s>ANEXO V \u2013 CRONOGRAMA<\/s><\/a><\/p>\n\n\n\n<p><a href=\"https:\/\/smct.duquedecaxias.rj.gov.br\/files\/anexo6edital022025.pdf\" data-type=\"link\" data-id=\"https:\/\/smct.duquedecaxias.rj.gov.br\/files\/anexo6edital022025.pdf\">ANEXO VI \u2013 DECLARA\u00c7\u00c3O DE PESSOA COM DEFICI\u00caNCIA<\/a><\/p>\n\n\n\n<p><a href=\"https:\/\/smct.duquedecaxias.rj.gov.br\/files\/anexo7edital022025.pdf\" data-type=\"link\" data-id=\"https:\/\/smct.duquedecaxias.rj.gov.br\/files\/anexo7edital022025.pdf\">ANEXO VII &#8211; FORMUL\u00c1RIO DE APRESENTA\u00c7\u00c3O DE RECURSO DA ETAPA DE SELE\u00c7\u00c3O<\/a><\/p>\n\n\n\n<p><a href=\"https:\/\/smct.duquedecaxias.rj.gov.br\/files\/anexo8edital022025.pdf\" data-type=\"link\" data-id=\"https:\/\/smct.duquedecaxias.rj.gov.br\/files\/anexo8edital022025.pdf\">ANEXO VIII &#8211; FORMUL\u00c1RIO DE APRESENTA\u00c7\u00c3O DE RECURSO DA ETAPA DE HABILITA\u00c7\u00c3O<\/a><\/p>\n\n\n\n<p><a href=\"https:\/\/smct.duquedecaxias.rj.gov.br\/files\/anexo9edital022025.pdf\" data-type=\"link\" data-id=\"https:\/\/smct.duquedecaxias.rj.gov.br\/files\/anexo9edital022025.pdf\">ANEXO IX &#8211; TERMO DE EXECU\u00c7\u00c3O CULTURAL<\/a><\/p>\n\n\n\n<p><\/p>\n","protected":false},"excerpt":{"rendered":"<p>A Secretaria Municipal de Cultura e Turismo de Duque de Caxias (SMCT\/DC) apresenta o Edital de Fomento \u00e0 Cultura Edi\u00e9lio Mendon\u00e7a. Ser\u00e3o investidos cerca de R$470 mil, valor oriundo do Fundo Municipal de Cultura, em projetos culturais a serem realizados nos espa\u00e7os e em equipamentos p\u00fablicos do munic\u00edpio. Amante da literatura, do cinema e do [&hellip;]<\/p>\n","protected":false},"author":8,"featured_media":0,"parent":0,"menu_order":0,"comment_status":"closed","ping_status":"closed","template":"","meta":{"footnotes":""},"class_list":["post-1973","page","type-page","status-publish","hentry"],"_links":{"self":[{"href":"https:\/\/smct.duquedecaxias.rj.gov.br\/noticias\/wp-json\/wp\/v2\/pages\/1973","targetHints":{"allow":["GET"]}}],"collection":[{"href":"https:\/\/smct.duquedecaxias.rj.gov.br\/noticias\/wp-json\/wp\/v2\/pages"}],"about":[{"href":"https:\/\/smct.duquedecaxias.rj.gov.br\/noticias\/wp-json\/wp\/v2\/types\/page"}],"author":[{"embeddable":true,"href":"https:\/\/smct.duquedecaxias.rj.gov.br\/noticias\/wp-json\/wp\/v2\/users\/8"}],"replies":[{"embeddable":true,"href":"https:\/\/smct.duquedecaxias.rj.gov.br\/noticias\/wp-json\/wp\/v2\/comments?post=1973"}],"version-history":[{"count":43,"href":"https:\/\/smct.duquedecaxias.rj.gov.br\/noticias\/wp-json\/wp\/v2\/pages\/1973\/revisions"}],"predecessor-version":[{"id":2771,"href":"https:\/\/smct.duquedecaxias.rj.gov.br\/noticias\/wp-json\/wp\/v2\/pages\/1973\/revisions\/2771"}],"wp:attachment":[{"href":"https:\/\/smct.duquedecaxias.rj.gov.br\/noticias\/wp-json\/wp\/v2\/media?parent=1973"}],"curies":[{"name":"wp","href":"https:\/\/api.w.org\/{rel}","templated":true}]}}