{"id":2264,"date":"2025-08-12T06:03:19","date_gmt":"2025-08-12T14:03:19","guid":{"rendered":"https:\/\/smct.duquedecaxias.rj.gov.br\/noticias\/?page_id=2264"},"modified":"2026-04-09T04:36:54","modified_gmt":"2026-04-09T12:36:54","slug":"conselho-municipal-de-politica-cultural","status":"publish","type":"page","link":"https:\/\/smct.duquedecaxias.rj.gov.br\/noticias\/conselho-municipal-de-politica-cultural\/","title":{"rendered":"Conselho Municipal de Pol\u00edtica Cultural"},"content":{"rendered":"\n<p><strong><a href=\"http:\/\/sistemaculturaduquedecaxias.com\/gestao\/\" data-type=\"link\" data-id=\"http:\/\/sistemaculturaduquedecaxias.com\/gestao\/\">INSCRI\u00c7\u00d5ES DE ELEITORES E CANDIDATOS<\/a><\/strong> (NOVO)<\/p>\n\n\n\n<p><a href=\"https:\/\/smct.duquedecaxias.rj.gov.br\/files\/Edital012026.pdf\" data-type=\"link\" data-id=\"https:\/\/smct.duquedecaxias.rj.gov.br\/files\/Edital012026.pdf\">EDITAL N\u00b0 01\/ 2026<\/a> (NOVO)<\/p>\n\n\n\n<p><a href=\"http:\/\/sistemaculturaduquedecaxias.com\/gestao\/\">CONSULTA P\u00daBLICA 02\/2025 &#8211; PLANO MUNICIPAL DE CULTURA<\/a><\/p>\n\n\n\n<p><a href=\"https:\/\/smct.duquedecaxias.rj.gov.br\/files\/Regimento_Interno_CMPC_DC.pdf\" data-type=\"link\" data-id=\"https:\/\/smct.duquedecaxias.rj.gov.br\/files\/Regimento_Interno_CMPC_DC.pdf\">REGIMENTO INTERNO<\/a><\/p>\n\n\n\n<p><a href=\"https:\/\/smct.duquedecaxias.rj.gov.br\/files\/Plano_Municipal_de_Cultura_Lei_2.745_2015_8_Conf_Cultura_2019.pdf\" data-type=\"link\" data-id=\"https:\/\/smct.duquedecaxias.rj.gov.br\/files\/Plano_Municipal_de_Cultura_Lei_2.745_2015_8_Conf_Cultura_2019.pdf\">PLANO MUNICIPAL DE CULTURA<\/a><\/p>\n\n\n\n<p><a href=\"https:\/\/smct.duquedecaxias.rj.gov.br\/files\/leiconselho09042026.pdf\" data-type=\"link\" data-id=\"https:\/\/smct.duquedecaxias.rj.gov.br\/files\/leiconselho09042026.pdf\">LEI DO CONSELHO<\/a><\/p>\n\n\n\n<p><a href=\"https:\/\/smct.duquedecaxias.rj.gov.br\/files\/Lei-do-Fundo-Municipal-de-Cultura.pdf\" data-type=\"link\" data-id=\"https:\/\/smct.duquedecaxias.rj.gov.br\/files\/Lei-do-Fundo-Municipal-de-Cultura.pdf\">LEI DO FUNDO<\/a><\/p>\n\n\n\n<p><a href=\"https:\/\/smct.duquedecaxias.rj.gov.br\/files\/logo_Conselho-de-Cultura.zip\" data-type=\"link\" data-id=\"https:\/\/smct.duquedecaxias.rj.gov.br\/files\/logo_Conselho-de-Cultura.zip\">LOGOMARCA DO CONSELHO<\/a><\/p>\n\n\n\n<p><a href=\"https:\/\/smct.duquedecaxias.rj.gov.br\/files\/Listagem-Final-Conselho-de-Cultura-bienio-2024_2025_atualizado.pdf\" data-type=\"link\" data-id=\"https:\/\/smct.duquedecaxias.rj.gov.br\/files\/Listagem-Final-Conselho-de-Cultura-bienio-2024_2025_atualizado.pdf\">CMPC BI\u00caNIO 2024\/2025<\/a><\/p>\n\n\n\n<p><\/p>\n\n\n\n<p>COMPOSI\u00c7\u00c3O<\/p>\n\n\n\n<p>O Conselho Municipal de Pol\u00edtica Cultural ser\u00e1 composto por um total de 22 (vinte e dois) Conselheiros Titulares e respectivos suplentes, 11 (onze) do Poder P\u00fablico e 11 (onze) da Sociedade Civil:<\/p>\n\n\n\n<p>I \u2013 Governamentais:<\/p>\n\n\n\n<p>2 Secretaria Municipal respons\u00e1vel pelas Pol\u00edticas P\u00fablicas de Cultura, o Secret\u00e1rio como presidente e mais um integrante da equipe;<br>1 Secretaria Municipal respons\u00e1vel pela Comunica\u00e7\u00e3o;<br>1 Secretaria Municipal respons\u00e1vel pelas Pol\u00edticas P\u00fablicas de Assist\u00eancia Social;<br>1 Secretaria Municipal respons\u00e1vel pelas Pol\u00edticas P\u00fablicas de Educa\u00e7\u00e3o;<br>1 Secretaria Municipal respons\u00e1vel pelas Pol\u00edticas P\u00fablicas de Meio Ambiente;<br>1 Secretaria Municipal respons\u00e1vel pelas Pol\u00edticas P\u00fablicas de Esportes;<br>1 Secretaria Municipal respons\u00e1vel pelas Pol\u00edticas P\u00fablicas de Urbanismo;<br>1 Secretaria Municipal de Fazenda;<br>1 Funda\u00e7\u00e3o de Apoio \u00e0 Escola T\u00e9cnica, Ci\u00eancia, Tecnologia, Esporte, Lazer, Cultura e Pol\u00edticas Sociais de Duque de Caxias \u2013 FUNDEC \u2013; e<br>1 C\u00e2mara de Vereadores.<\/p>\n\n\n\n<p>II \u2013 Da Sociedade Civil:<\/p>\n\n\n\n<p>1 Cadeira de M\u00fasica;<br>1 Cadeira de Artes Pl\u00e1sticas ou Visuais;<br>1 Cadeira de Artes C\u00eanicas;<br>1 Cadeira de Dan\u00e7a;<br>1 Cadeira de Audiovisual;<br>1 Cadeira de Artesanato;<br>1 Cadeira de Literatura, Bibliotecas e Salas de Leitura;<br>1 Cadeira de Hist\u00f3ria, Patrim\u00f4nio Arqueol\u00f3gico, Arquitet\u00f4nico, Art\u00edstico e Cultural;<br>1 Cadeira de Culturas Populares;<br>1 Cadeira de Culturas Afro-Brasileiras ou de Povos Ind\u00edgenas; e<br>1 Cadeira de Produtores Culturais.<\/p>\n\n\n\n<p><\/p>\n","protected":false},"excerpt":{"rendered":"<p>INSCRI\u00c7\u00d5ES DE ELEITORES E CANDIDATOS (NOVO) EDITAL N\u00b0 01\/ 2026 (NOVO) CONSULTA P\u00daBLICA 02\/2025 &#8211; PLANO MUNICIPAL DE CULTURA REGIMENTO INTERNO PLANO MUNICIPAL DE CULTURA LEI DO CONSELHO LEI DO FUNDO LOGOMARCA DO CONSELHO CMPC BI\u00caNIO 2024\/2025 COMPOSI\u00c7\u00c3O O Conselho Municipal de Pol\u00edtica Cultural ser\u00e1 composto por um total de 22 (vinte e dois) Conselheiros [&hellip;]<\/p>\n","protected":false},"author":8,"featured_media":0,"parent":0,"menu_order":0,"comment_status":"closed","ping_status":"closed","template":"","meta":{"footnotes":""},"class_list":["post-2264","page","type-page","status-publish","hentry"],"_links":{"self":[{"href":"https:\/\/smct.duquedecaxias.rj.gov.br\/noticias\/wp-json\/wp\/v2\/pages\/2264","targetHints":{"allow":["GET"]}}],"collection":[{"href":"https:\/\/smct.duquedecaxias.rj.gov.br\/noticias\/wp-json\/wp\/v2\/pages"}],"about":[{"href":"https:\/\/smct.duquedecaxias.rj.gov.br\/noticias\/wp-json\/wp\/v2\/types\/page"}],"author":[{"embeddable":true,"href":"https:\/\/smct.duquedecaxias.rj.gov.br\/noticias\/wp-json\/wp\/v2\/users\/8"}],"replies":[{"embeddable":true,"href":"https:\/\/smct.duquedecaxias.rj.gov.br\/noticias\/wp-json\/wp\/v2\/comments?post=2264"}],"version-history":[{"count":9,"href":"https:\/\/smct.duquedecaxias.rj.gov.br\/noticias\/wp-json\/wp\/v2\/pages\/2264\/revisions"}],"predecessor-version":[{"id":3229,"href":"https:\/\/smct.duquedecaxias.rj.gov.br\/noticias\/wp-json\/wp\/v2\/pages\/2264\/revisions\/3229"}],"wp:attachment":[{"href":"https:\/\/smct.duquedecaxias.rj.gov.br\/noticias\/wp-json\/wp\/v2\/media?parent=2264"}],"curies":[{"name":"wp","href":"https:\/\/api.w.org\/{rel}","templated":true}]}}